{"id":645,"date":"2021-11-15T11:00:11","date_gmt":"2021-11-15T11:00:11","guid":{"rendered":"https:\/?post_type=product&#038;p=645"},"modified":"2024-07-09T01:51:02","modified_gmt":"2024-07-09T01:51:02","slug":"de-stressine-bio-plus-siero-viso-30ml","status":"publish","type":"product","link":"https:\/\/esteticadolce.it\/?product=de-stressine-bio-plus-siero-viso-30ml","title":{"rendered":"De-Stressine Bio Plus Siero Viso 30ml."},"content":{"rendered":"<p>\u00c8 un peptide ad attivit\u00e0 antiet\u00e0, ottenuto dalla combinazione chimica fra aminoacidi di derivazione<br \/>\nnaturale. Pur presentando analogie con il meccanismo d\u2019azione della tossina botulinica, non<br \/>\nparalizza i muscoli e aiuta i tratti a distendersi, senza modificare l\u2019espressivit\u00e0. \u00c8 un\u2019alternativa al<br \/>\nbotox, assolutamente non invasiva e rischiosa per la salute.<\/p>\n<p>TENSIONE MUSCOLARE E \u201cCITY STRESS\u201d<br \/>\nLa contrazione dei muscoli d\u2019espressione del viso, che esprime la risposta esteriore ad uno stimolo,<br \/>\n\u00e8 oggigiorno sempre pi\u00f9 frequente ed incontrollata. La mimica facciale del volto, dovuta a<br \/>\nmeccanismi inconsci, si accentua per una trazione ripetitiva dei muscoli facciali dettata dallo stress.<br \/>\nLa cute perde progressivamente l\u2019elasticit\u00e0 e si accentuano le linee di espressione. Nel mondo<br \/>\nodierno inoltre, la pelle \u00e8 esposta continuamente a sostanze nocive presenti nell\u2019aria<br \/>\n(inquinamento, smog), a radiazioni UV di sempre maggiore intensit\u00e0, e ad ambienti di lavoro non<br \/>\nsalubri (fumo di sigaretta, aria condizionata, riscaldamenti centralizzati). Le conseguenze? Il<br \/>\ncosiddetto \u201ccity stress\u201d, una condizione che a livello pelle si manifesta con cambiamenti di<br \/>\nconformazione della tripla elica del collagene, degradazione dei polipeptidi dell\u2019elastina e disordine<br \/>\nnell\u2019impacchettamento della matrice lipidica. La pelle appare come \u201cinfeltrita\u201d.<\/p>\n<p>&nbsp;<\/p>\n","protected":false},"excerpt":{"rendered":"<p>\u00c8 un peptide ad attivit\u00e0 antiet\u00e0, ottenuto dalla combinazione chimica fra aminoacidi di derivazione<br \/>\nnaturale. Pur presentando analogie con il meccanismo d\u2019azione della tossina botulinica, non<br \/>\nparalizza i muscoli e aiuta i tratti a distendersi, senza modificare l\u2019espressivit\u00e0. \u00c8 un\u2019alternativa al<br \/>\nbotox, assolutamente non invasiva e rischiosa per la salute.<\/p>\n","protected":false},"featured_media":646,"comment_status":"open","ping_status":"closed","template":"","meta":{"om_disable_all_campaigns":false,"_monsterinsights_skip_tracking":false,"_monsterinsights_sitenote_active":false,"_monsterinsights_sitenote_note":"","_monsterinsights_sitenote_category":0},"product_brand":[],"product_cat":[28,15],"product_tag":[],"class_list":{"0":"post-645","1":"product","2":"type-product","3":"status-publish","4":"has-post-thumbnail","6":"product_cat-linea-de-stressine-bio-plus","7":"product_cat-home-care","9":"first","10":"instock","11":"taxable","12":"shipping-taxable","13":"product-type-simple"},"aioseo_notices":[],"_links":{"self":[{"href":"https:\/\/esteticadolce.it\/index.php?rest_route=\/wp\/v2\/product\/645","targetHints":{"allow":["GET"]}}],"collection":[{"href":"https:\/\/esteticadolce.it\/index.php?rest_route=\/wp\/v2\/product"}],"about":[{"href":"https:\/\/esteticadolce.it\/index.php?rest_route=\/wp\/v2\/types\/product"}],"replies":[{"embeddable":true,"href":"https:\/\/esteticadolce.it\/index.php?rest_route=%2Fwp%2Fv2%2Fcomments&post=645"}],"wp:featuredmedia":[{"embeddable":true,"href":"https:\/\/esteticadolce.it\/index.php?rest_route=\/wp\/v2\/media\/646"}],"wp:attachment":[{"href":"https:\/\/esteticadolce.it\/index.php?rest_route=%2Fwp%2Fv2%2Fmedia&parent=645"}],"wp:term":[{"taxonomy":"product_brand","embeddable":true,"href":"https:\/\/esteticadolce.it\/index.php?rest_route=%2Fwp%2Fv2%2Fproduct_brand&post=645"},{"taxonomy":"product_cat","embeddable":true,"href":"https:\/\/esteticadolce.it\/index.php?rest_route=%2Fwp%2Fv2%2Fproduct_cat&post=645"},{"taxonomy":"product_tag","embeddable":true,"href":"https:\/\/esteticadolce.it\/index.php?rest_route=%2Fwp%2Fv2%2Fproduct_tag&post=645"}],"curies":[{"name":"wp","href":"https:\/\/api.w.org\/{rel}","templated":true}]}}