{"id":78,"date":"2021-10-12T15:40:31","date_gmt":"2021-10-12T15:40:31","guid":{"rendered":"https:\/?page_id=78"},"modified":"2025-10-15T07:41:30","modified_gmt":"2025-10-15T07:41:30","slug":"filosofia","status":"publish","type":"page","link":"https:\/\/esteticadolce.it\/?page_id=78","title":{"rendered":"Cosa \u00e8 l&#8217;Estetica Dolce"},"content":{"rendered":"\n<p><\/p>\n\n\n<div class=\"wp-block-image is-resized\">\n<figure class=\"aligncenter\"><a href=\"https:\/\/1.bp.blogspot.com\/-7HaHLO0y6VQ\/XOv8p2ODp2I\/AAAAAAAAEbA\/mKpT9ZtDL049VdndZuuggrxfcxBcqfsXACPcBGAYYCw\/s1600\/locandina%2Bmeditazione%2Bcellulare%2Bibisco.jpg\"><img decoding=\"async\" src=\"https:\/\/1.bp.blogspot.com\/-7HaHLO0y6VQ\/XOv8p2ODp2I\/AAAAAAAAEbA\/mKpT9ZtDL049VdndZuuggrxfcxBcqfsXACPcBGAYYCw\/s400\/locandina%2Bmeditazione%2Bcellulare%2Bibisco.jpg\" alt=\"\"\/><\/a><\/figure><\/div>\n\n\n<p><\/p>\n\n\n\n<p>Nel corpo umano ogni singola cellula \u00e8 un&#8217;entit\u00e0 di vita che opera e prospera in armonia con le altre cellule, con le quali comunica e scambia messaggi utili al proprio equilibrio e all&#8217;equilibrio generale dell&#8217;organismo, di cui \u00e8 parte integrante.<br>In sostanza, ogni cellula lavora in funzione del tutto, e il tutto lavora in funzione di ogni cellula.<br>Questo sistema complesso, va rispettato e capito, poich\u00e8 \u00e8 proprio a livello del microcosmo cellulare che si fonda l&#8217;individualit\u00e0 biochimica di ciascuno di noi.<br><\/p>\n\n\n\n<p>Ecco perch\u00e8<strong> il primo vero atto professionale di chi lavora sul corpo umano \u00e8 quello di rispettarne l&#8217;individualit\u00e0 biologica<\/strong>, di accostarsi ad esso come ad una entit\u00e0 unica e irripetibile, dove il tutto \u00e8 un fantastico divenire che esprime il dono e la libert\u00e0 della vita.<br><\/p>\n\n\n\n<p>Sul terreno specificatamente biologico, anche un certo modo di fare Estetica, mina questa libert\u00e0.<\/p>\n\n\n\n<p>Quando, per esempio, si vuole costringere la pelle ad assorbire principi attivi, in determinati momenti e secondo predeterminati programmi di lavoro. Oppure allorch\u00e8 si pretende, mediante specifiche tecniche di massaggio, di obbligare il corpo al rilassamento, al drenaggio e cos\u00ec via. In realt\u00e0, sia le singole cellule che il corpo nel suo insieme, sanno bene come organizzarsi e non accettano costrizioni e imposizioni di sorta.<\/p>\n\n\n\n<p><br><strong>Bisogna perci\u00f2 seguire, anche in Estetica, un altro cammino: quello da noi definito dolce.<\/strong><br>Il corpo, la pelle, le singole cellule, devono &#8220;sentire&#8221; che la sostanza che proponiamo loro, i massaggi coi quali li sollecitiamo, sono prima di tutto una ricerca di dialogo, un delicato modo di interrogarli sulle loro necessit\u00e0. Non la presuntuosa pretesa di imporre loro la nostra volont\u00e0 di intervento mediante prodotti e tecniche aventi &#8220;valore in s\u00e8&#8221;.<\/p>\n\n\n\n<h4 class=\"wp-block-heading\">In altre parole, oltre che professionalit\u00e0 ed esperienza, ci vuole rispetto, delicatezza e amore per lavorare sul corpo altrui.<br><\/h4>\n\n\n\n<p>Q<em>uando il corpo si &#8220;apre&#8221; e acceta il &#8220;dialogo&#8221; con l&#8217;operatore estetico, il trattamento catalizza un&#8217;incredibile esperienza di armonia e di unione<\/em>. Allora ha veramente senso definirlo &#8220;trattamento di bellezza&#8221;, <strong>perch\u00e8 la bellezza interiore che sprigiona da questo processo liberatorio, genera la bellezza esteriore della pelle.<\/strong><\/p>\n\n\n\n<p><br>Se le cellule rispondono ed entrano &#8220;in meditazione&#8221;, si attiva uno spontaneo riequilibrio biologico, e si normalizzano i processi di ossidazione anomala, causa prima di invecchiamento precoce della pelle.<br>La cellula, in piena libert\u00e0, recupera la sua &#8220;intelligenza vitale&#8221;, regola ed ottimizza le sue funzioni.<\/p>\n\n\n\n<h4 class=\"wp-block-heading\"><br>In stato di meditazione ogni singola cellula sa bene come organizzarsi per mantenersi meglio.<br><\/h4>\n\n\n\n<p>Allora CORPO &#8211; CELLULA &#8211; OPERATORE si trovano in contatto profondo, in una dimensione in cui non esistono pi\u00f9 differenze e separatezza, ma tutto diviene UNIONE E BELLEZZA.<br><\/p>\n\n\n\n<p><strong>E&#8217; questo il mondo dell&#8217;Estetica Dolce, dove il cosmetico acquisisce tutto il suo significato biologico, diviene eubiotico, cio\u00e8 amico delle cellule e della pelle.<\/strong><\/p>\n\n\n\n<p><br>Il cosmetico, non pi\u00f9 invasivo e &#8220;arrogante&#8221;, si carica di significati sottili, diviene il tramite , il messaggero di una nuova cultura: <\/p>\n\n\n\n<h4 class=\"wp-block-heading has-text-align-center\">quella dell&#8217;<strong>Amore, dell&#8217;Unione e della Bellezza.<\/strong><br><\/h4>\n\n\n\n<p><em>Gianfranco Bianchi<\/em><\/p>\n","protected":false},"excerpt":{"rendered":"<p>Nel corpo umano ogni singola cellula \u00e8 un&#8217;entit\u00e0 di vita che opera e prospera in armonia con le altre cellule, con le quali comunica e &hellip; <\/p>\n","protected":false},"author":1,"featured_media":221,"parent":0,"menu_order":0,"comment_status":"closed","ping_status":"closed","template":"","meta":{"om_disable_all_campaigns":false,"_monsterinsights_skip_tracking":false,"_monsterinsights_sitenote_active":false,"_monsterinsights_sitenote_note":"","_monsterinsights_sitenote_category":0,"footnotes":""},"class_list":["post-78","page","type-page","status-publish","has-post-thumbnail","hentry"],"aioseo_notices":[],"_links":{"self":[{"href":"https:\/\/esteticadolce.it\/index.php?rest_route=\/wp\/v2\/pages\/78","targetHints":{"allow":["GET"]}}],"collection":[{"href":"https:\/\/esteticadolce.it\/index.php?rest_route=\/wp\/v2\/pages"}],"about":[{"href":"https:\/\/esteticadolce.it\/index.php?rest_route=\/wp\/v2\/types\/page"}],"author":[{"embeddable":true,"href":"https:\/\/esteticadolce.it\/index.php?rest_route=\/wp\/v2\/users\/1"}],"replies":[{"embeddable":true,"href":"https:\/\/esteticadolce.it\/index.php?rest_route=%2Fwp%2Fv2%2Fcomments&post=78"}],"version-history":[{"count":6,"href":"https:\/\/esteticadolce.it\/index.php?rest_route=\/wp\/v2\/pages\/78\/revisions"}],"predecessor-version":[{"id":1261,"href":"https:\/\/esteticadolce.it\/index.php?rest_route=\/wp\/v2\/pages\/78\/revisions\/1261"}],"wp:featuredmedia":[{"embeddable":true,"href":"https:\/\/esteticadolce.it\/index.php?rest_route=\/wp\/v2\/media\/221"}],"wp:attachment":[{"href":"https:\/\/esteticadolce.it\/index.php?rest_route=%2Fwp%2Fv2%2Fmedia&parent=78"}],"curies":[{"name":"wp","href":"https:\/\/api.w.org\/{rel}","templated":true}]}}