{"id":75,"date":"2021-10-12T15:37:48","date_gmt":"2021-10-12T15:37:48","guid":{"rendered":"https:\/?page_id=75"},"modified":"2026-05-08T08:11:58","modified_gmt":"2026-05-08T08:11:58","slug":"i-nostri-trattamenti","status":"publish","type":"page","link":"https:\/\/esteticadolce.it\/?page_id=75","title":{"rendered":"I Nostri Preparati"},"content":{"rendered":"\n<figure class=\"wp-block-embed is-type-video is-provider-youtube wp-block-embed-youtube wp-embed-aspect-16-9 wp-has-aspect-ratio\"><div class=\"wp-block-embed__wrapper\">\n<div class=\"jetpack-video-wrapper\"><iframe loading=\"lazy\" title=\"Spot Presentazione Ibisco Estetica Dolce\" width=\"767\" height=\"431\" src=\"https:\/\/www.youtube.com\/embed\/mCK2P6RWwr8?list=PLr2UmEnGoZjPaEAjYKKsR1R325migxByo\" frameborder=\"0\" allow=\"accelerometer; autoplay; clipboard-write; encrypted-media; gyroscope; picture-in-picture; web-share\" referrerpolicy=\"strict-origin-when-cross-origin\" allowfullscreen><\/iframe><\/div>\n<\/div><\/figure>\n\n\n\n<p><strong>LASCIATI ISPIRARE DALLA NOSTRA AMPIA SELEZIONE DI PRODOTTI PROFESSIONALI<\/strong><\/p>\n\n\n\n<p><\/p>\n\n\n\n<p>La linea Ibisco \u00e8 una linea professionale di alta qualit\u00e0. La si pu\u00f2 trovare nei migliori Istituti di Bellezza e Centri Benessere.<\/p>\n\n\n<div class=\"wp-block-image\">\n<figure class=\"alignright size-full is-resized\"><img loading=\"lazy\" decoding=\"async\" width=\"940\" height=\"788\" src=\"https:\/\/esteticadolce.it\/wp-content\/uploads\/2021\/10\/Progetto-senza-titolo-3-1.png\" alt=\"\" class=\"wp-image-476\" style=\"width:282px;height:236px\" srcset=\"https:\/\/esteticadolce.it\/wp-content\/uploads\/2021\/10\/Progetto-senza-titolo-3-1.png 940w, https:\/\/esteticadolce.it\/wp-content\/uploads\/2021\/10\/Progetto-senza-titolo-3-1-800x671.png 800w, https:\/\/esteticadolce.it\/wp-content\/uploads\/2021\/10\/Progetto-senza-titolo-3-1-300x251.png 300w, https:\/\/esteticadolce.it\/wp-content\/uploads\/2021\/10\/Progetto-senza-titolo-3-1-768x644.png 768w, https:\/\/esteticadolce.it\/wp-content\/uploads\/2021\/10\/Progetto-senza-titolo-3-1-72x60.png 72w\" sizes=\"auto, (max-width: 940px) 100vw, 940px\" \/><\/figure><\/div>\n\n\n<p>Basandosi sui principi della visione Olistica, <strong>la pelle<\/strong>, non pi\u00f9 oggetto ma soggetto, <strong>viene trattata come un grande organo di comunicazione rispettandone l\u2019individualit\u00e0 e le specifiche esigenze<\/strong>.<\/p>\n\n\n<div class=\"wp-block-image\">\n<figure class=\"alignleft size-full\"><img loading=\"lazy\" decoding=\"async\" width=\"250\" height=\"250\" src=\"https:\/\/esteticadolce.it\/wp-content\/uploads\/2021\/10\/cosmetici-viso-web-3.jpg\" alt=\"\" class=\"wp-image-299\" srcset=\"https:\/\/esteticadolce.it\/wp-content\/uploads\/2021\/10\/cosmetici-viso-web-3.jpg 250w, https:\/\/esteticadolce.it\/wp-content\/uploads\/2021\/10\/cosmetici-viso-web-3-200x200.jpg 200w, https:\/\/esteticadolce.it\/wp-content\/uploads\/2021\/10\/cosmetici-viso-web-3-150x150.jpg 150w, https:\/\/esteticadolce.it\/wp-content\/uploads\/2021\/10\/cosmetici-viso-web-3-60x60.jpg 60w\" sizes=\"auto, (max-width: 250px) 100vw, 250px\" \/><\/figure><\/div>\n\n\n<p>I prodotti, i trattamenti, diventano un nuovo potente linguaggio simbolico, tramite di energie sottili positive, per mezzo delle quali tra cliente ed operatore si attiva un campo energetico entro il quale si rigenerano entrambi.<\/p>\n\n\n\n<p>La linea Ibisco, nasce dalle intuizioni del suo creatore <strong>Gianfranco Bianchi,<\/strong> e si sviluppa grazie al lavoro e alle ricerche di un team di persone molto preparate, positive e piene di passione, la cui sensibilit\u00e0 \u00e8 percepibile in ogni prodotto della linea, nei suoi profumi, nei suoi colori e\u2026nei suoi Piccoli Segreti.<\/p>\n\n\n\n<p>La linea professionale \u00e8 riservata alle Estetiste ed ai professionisti del settore.<\/p>\n\n\n\n<p><\/p>\n\n\n\n<h2 class=\"wp-block-heading\">Passi chiave:<\/h2>\n\n\n\n<ul class=\"wp-block-list\">\n<li>1) <strong>Scarica il nostro catalogo in pdf cliccando sull&#8217;immagine<\/strong> qui sotto<\/li>\n<\/ul>\n\n\n<div class=\"wp-block-image\">\n<figure class=\"aligncenter size-full is-resized\"><a href=\"http:\/\/esteticadolce.it\/wp-content\/uploads\/2025\/10\/Ibisco-catalogo-settembre-22.pdf\" target=\"_blank\" rel=\"noopener\"><img loading=\"lazy\" decoding=\"async\" width=\"595\" height=\"593\" src=\"https:\/\/esteticadolce.it\/wp-content\/uploads\/2021\/10\/copertina-catalogo-ibisco-1.jpg\" alt=\"\" class=\"wp-image-296\" style=\"aspect-ratio:1.0097087378640777;width:284px;height:auto\" srcset=\"https:\/\/esteticadolce.it\/wp-content\/uploads\/2021\/10\/copertina-catalogo-ibisco-1.jpg 595w, https:\/\/esteticadolce.it\/wp-content\/uploads\/2021\/10\/copertina-catalogo-ibisco-1-300x300.jpg 300w, https:\/\/esteticadolce.it\/wp-content\/uploads\/2021\/10\/copertina-catalogo-ibisco-1-200x199.jpg 200w, https:\/\/esteticadolce.it\/wp-content\/uploads\/2021\/10\/copertina-catalogo-ibisco-1-150x150.jpg 150w, https:\/\/esteticadolce.it\/wp-content\/uploads\/2021\/10\/copertina-catalogo-ibisco-1-60x60.jpg 60w\" sizes=\"auto, (max-width: 595px) 100vw, 595px\" \/><\/a><\/figure><\/div>\n\n\n<p><\/p>\n\n\n\n<p><\/p>\n\n\n\n<ul class=\"wp-block-list\">\n<li>2) <strong>Dai un&#8217;occhiata ai nostri TRATTAMENTI PROFESSIONALI <\/strong><\/li>\n<\/ul>\n\n\n<div class=\"wp-block-image\">\n<figure class=\"aligncenter size-full is-resized\"><a href=\"https:\/?page_id=647\"><img loading=\"lazy\" decoding=\"async\" width=\"742\" height=\"465\" src=\"https:\/\/esteticadolce.it\/wp-content\/uploads\/2021\/11\/TRATTAMENTO-CORPO-FOSFATICOLINA-e1637914858392.jpg\" alt=\"\" class=\"wp-image-652\" style=\"aspect-ratio:1.5963636363636364;width:265px;height:auto\" srcset=\"https:\/\/esteticadolce.it\/wp-content\/uploads\/2021\/11\/TRATTAMENTO-CORPO-FOSFATICOLINA-e1637914858392.jpg 742w, https:\/\/esteticadolce.it\/wp-content\/uploads\/2021\/11\/TRATTAMENTO-CORPO-FOSFATICOLINA-e1637914858392-300x188.jpg 300w, https:\/\/esteticadolce.it\/wp-content\/uploads\/2021\/11\/TRATTAMENTO-CORPO-FOSFATICOLINA-e1637914858392-96x60.jpg 96w\" sizes=\"auto, (max-width: 742px) 100vw, 742px\" \/><\/a><figcaption class=\"wp-element-caption\"><strong>Clicca qui per i trattamenti professionali<\/strong><\/figcaption><\/figure><\/div>\n\n\n<ul class=\"wp-block-list\">\n<li>3) <strong>Inviaci i tuoi dati e numero di telefono per saperne di pi\u00f9 scrivendo a <a href=\"mailto: info@bergittosas.it\" target=\"_blank\" rel=\"noopener\" title=\"\">info@bergittosas.it <\/a>o contattaci al 3455944521<\/strong><\/li>\n<\/ul>\n","protected":false},"excerpt":{"rendered":"<p>LASCIATI ISPIRARE DALLA NOSTRA AMPIA SELEZIONE DI PRODOTTI PROFESSIONALI La linea Ibisco \u00e8 una linea professionale di alta qualit\u00e0. La si pu\u00f2 trovare nei migliori &hellip; <\/p>\n","protected":false},"author":1,"featured_media":304,"parent":0,"menu_order":0,"comment_status":"closed","ping_status":"closed","template":"","meta":{"om_disable_all_campaigns":false,"_monsterinsights_skip_tracking":false,"_monsterinsights_sitenote_active":false,"_monsterinsights_sitenote_note":"","_monsterinsights_sitenote_category":0,"footnotes":""},"class_list":["post-75","page","type-page","status-publish","has-post-thumbnail","hentry"],"aioseo_notices":[],"jetpack_sharing_enabled":true,"_links":{"self":[{"href":"https:\/\/esteticadolce.it\/index.php?rest_route=\/wp\/v2\/pages\/75","targetHints":{"allow":["GET"]}}],"collection":[{"href":"https:\/\/esteticadolce.it\/index.php?rest_route=\/wp\/v2\/pages"}],"about":[{"href":"https:\/\/esteticadolce.it\/index.php?rest_route=\/wp\/v2\/types\/page"}],"author":[{"embeddable":true,"href":"https:\/\/esteticadolce.it\/index.php?rest_route=\/wp\/v2\/users\/1"}],"replies":[{"embeddable":true,"href":"https:\/\/esteticadolce.it\/index.php?rest_route=%2Fwp%2Fv2%2Fcomments&post=75"}],"version-history":[{"count":20,"href":"https:\/\/esteticadolce.it\/index.php?rest_route=\/wp\/v2\/pages\/75\/revisions"}],"predecessor-version":[{"id":1312,"href":"https:\/\/esteticadolce.it\/index.php?rest_route=\/wp\/v2\/pages\/75\/revisions\/1312"}],"wp:featuredmedia":[{"embeddable":true,"href":"https:\/\/esteticadolce.it\/index.php?rest_route=\/wp\/v2\/media\/304"}],"wp:attachment":[{"href":"https:\/\/esteticadolce.it\/index.php?rest_route=%2Fwp%2Fv2%2Fmedia&parent=75"}],"curies":[{"name":"wp","href":"https:\/\/api.w.org\/{rel}","templated":true}]}}